{"id":911,"date":"2018-01-28T11:40:38","date_gmt":"2018-01-28T10:40:38","guid":{"rendered":"http:\/\/www.marbour.eu\/gestion-des-cookies\/"},"modified":"2018-03-30T16:24:38","modified_gmt":"2018-03-30T14:24:38","slug":"gestione-dei-cookie","status":"publish","type":"page","link":"https:\/\/www.marbour.eu\/it\/gestione-dei-cookie\/","title":{"rendered":"Gestione dei cookie"},"content":{"rendered":"<header class=\"entry-header\">Les cookies informatiques, \u00e9galement connus sous le nom de cookies de navigateur ou cookies de suivi, sont des petits fichiers texte, souvent chiffr\u00e9s, qui sont situ\u00e9s dans les r\u00e9pertoires des navigateurs. Ils sont utilis\u00e9s par les d\u00e9veloppeurs web pour aider les utilisateurs \u00e0 naviguer sur leurs sites web de mani\u00e8re efficace et \u00e0 effectuer certaines actions.<\/header>\n<div class=\"entry-content post-content\">\n<p>Afin de faciliter la navigation sur notre site, nous utilisons des cookies. Les cookies sont des donn\u00e9es enregistr\u00e9es sur le disque dur de votre ordinateur, qui ont pour fonction de faciliter la navigation et les interactions avec notre site. Ils vous \u00e9vitent de devoir ressaisir toutes les donn\u00e9es n\u00e9cessaires \u00e0 chaque visite. Le param\u00e9trage de votre navigateur vous permet toutefois d\u2019influer sur l\u2019enregistrement des cookies sur votre disque dur, ou de l\u2019emp\u00eacher en partie ou enti\u00e8rement.<\/p>\n<p>Pour en savoir plus sur les cookies rendez-vous sur le site\u00a0<a title=\"Lien externe\" href=\"http:\/\/www.allaboutcookies.org\/fr\/\" target=\"_blank\" rel=\"noopener\">AllAboutCookies<\/a>.<\/p>\n<p><strong>Nous utilisons les cookies pour 4 raisons principales :<\/strong><\/p>\n<p>Pour vous permettre d\u2019interagir sur notre site \u2013 par exemple si vous effectuez une donation ou remplissez un formulaire, les cookies permettent de savoir o\u00f9 vous en \u00eates dans le processus, page apr\u00e8s page.<\/p>\n<p>Pour am\u00e9liorer votre exp\u00e9rience sur notre site \u2013 pour qu\u2019un questionnaire ne vous soit soumis qu\u2019une seule fois ou pour masquer un formulaire si vous l\u2019avez d\u00e9j\u00e0 pr\u00e9alablement rempli.<\/p>\n<p>Pour collecter des donn\u00e9es anonymes \u2013 il nous est tr\u00e8s utile de savoir quelles pages sont les plus consult\u00e9es et comment elles sont utilis\u00e9es.<\/p>\n<p>Pour les m\u00e9dias sociaux \u2013 si vous utilisez Facebook ou Twitter, les cookies permettent de faciliter les interactions entre notre site et ces r\u00e9seaux sociaux.<\/p>\n<p><strong>Comment d\u00e9sactiver les cookies<\/strong><\/p>\n<p>La plupart des navigateurs actuels vous permettent de d\u00e9sactiver les cookies. Cette option se trouve g\u00e9n\u00e9ralement dans les options, param\u00e8tres ou pr\u00e9f\u00e9rences du menu de votre navigateur.<\/p>\n<\/div>\n","protected":false},"excerpt":{"rendered":"<p>Les cookies informatiques, \u00e9galement connus sous le nom de cookies de navigateur ou cookies de suivi, sont des petits fichiers texte, souvent chiffr\u00e9s, qui sont situ\u00e9s dans les r\u00e9pertoires des navigateurs. Ils sont utilis\u00e9s par les d\u00e9veloppeurs web pour aider les utilisateurs \u00e0 naviguer sur leurs sites web de mani\u00e8re efficace et \u00e0 effectuer certaines [&hellip;]<\/p>\n","protected":false},"author":1,"featured_media":0,"parent":0,"menu_order":0,"comment_status":"closed","ping_status":"closed","template":"","meta":{"_acf_changed":false,"footnotes":""},"class_list":["post-911","page","type-page","status-publish","hentry"],"acf":[],"yoast_head":"<!-- This site is optimized with the Yoast SEO plugin v27.6 - https:\/\/yoast.com\/product\/yoast-seo-wordpress\/ -->\n<title>Gestione dei cookie - Marbour<\/title>\n<meta name=\"robots\" content=\"index, follow, max-snippet:-1, max-image-preview:large, max-video-preview:-1\" \/>\n<link rel=\"canonical\" href=\"https:\/\/www.marbour.eu\/it\/gestione-dei-cookie\/\" \/>\n<meta property=\"og:locale\" content=\"it_IT\" \/>\n<meta property=\"og:type\" content=\"article\" \/>\n<meta property=\"og:title\" content=\"Gestione dei cookie - Marbour\" \/>\n<meta property=\"og:description\" content=\"Les cookies informatiques, \u00e9galement connus sous le nom de cookies de navigateur ou cookies de suivi, sont des petits fichiers texte, souvent chiffr\u00e9s, qui sont situ\u00e9s dans les r\u00e9pertoires des navigateurs. Ils sont utilis\u00e9s par les d\u00e9veloppeurs web pour aider les utilisateurs \u00e0 naviguer sur leurs sites web de mani\u00e8re efficace et \u00e0 effectuer certaines [&hellip;]\" \/>\n<meta property=\"og:url\" content=\"https:\/\/www.marbour.eu\/it\/gestione-dei-cookie\/\" \/>\n<meta property=\"og:site_name\" content=\"Marbour\" \/>\n<meta property=\"article:publisher\" content=\"https:\/\/www.facebook.com\/marbour.events\" \/>\n<meta property=\"article:modified_time\" content=\"2018-03-30T14:24:38+00:00\" \/>\n<meta property=\"og:image\" content=\"https:\/\/www.marbour.eu\/wp-content\/uploads\/social.png\" \/>\n\t<meta property=\"og:image:width\" content=\"1200\" \/>\n\t<meta property=\"og:image:height\" content=\"627\" \/>\n\t<meta property=\"og:image:type\" content=\"image\/png\" \/>\n<meta name=\"twitter:card\" content=\"summary_large_image\" \/>\n<meta name=\"twitter:label1\" content=\"Tempo di lettura stimato\" \/>\n\t<meta name=\"twitter:data1\" content=\"2 minuti\" \/>\n<script type=\"application\/ld+json\" class=\"yoast-schema-graph\">{\"@context\":\"https:\\\/\\\/schema.org\",\"@graph\":[{\"@type\":\"WebPage\",\"@id\":\"https:\\\/\\\/www.marbour.eu\\\/it\\\/gestione-dei-cookie\\\/\",\"url\":\"https:\\\/\\\/www.marbour.eu\\\/it\\\/gestione-dei-cookie\\\/\",\"name\":\"Gestione dei cookie - Marbour\",\"isPartOf\":{\"@id\":\"https:\\\/\\\/www.marbour.eu\\\/#website\"},\"datePublished\":\"2018-01-28T10:40:38+00:00\",\"dateModified\":\"2018-03-30T14:24:38+00:00\",\"breadcrumb\":{\"@id\":\"https:\\\/\\\/www.marbour.eu\\\/it\\\/gestione-dei-cookie\\\/#breadcrumb\"},\"inLanguage\":\"it-IT\",\"potentialAction\":[{\"@type\":\"ReadAction\",\"target\":[\"https:\\\/\\\/www.marbour.eu\\\/it\\\/gestione-dei-cookie\\\/\"]}]},{\"@type\":\"BreadcrumbList\",\"@id\":\"https:\\\/\\\/www.marbour.eu\\\/it\\\/gestione-dei-cookie\\\/#breadcrumb\",\"itemListElement\":[{\"@type\":\"ListItem\",\"position\":1,\"name\":\"Accueil\",\"item\":\"https:\\\/\\\/www.marbour.eu\\\/it\\\/\"},{\"@type\":\"ListItem\",\"position\":2,\"name\":\"Gestione dei cookie\"}]},{\"@type\":\"WebSite\",\"@id\":\"https:\\\/\\\/www.marbour.eu\\\/#website\",\"url\":\"https:\\\/\\\/www.marbour.eu\\\/\",\"name\":\"Marbour\",\"description\":\"\",\"potentialAction\":[{\"@type\":\"SearchAction\",\"target\":{\"@type\":\"EntryPoint\",\"urlTemplate\":\"https:\\\/\\\/www.marbour.eu\\\/?s={search_term_string}\"},\"query-input\":{\"@type\":\"PropertyValueSpecification\",\"valueRequired\":true,\"valueName\":\"search_term_string\"}}],\"inLanguage\":\"it-IT\"}]}<\/script>\n<!-- \/ Yoast SEO plugin. -->","yoast_head_json":{"title":"Gestione dei cookie - Marbour","robots":{"index":"index","follow":"follow","max-snippet":"max-snippet:-1","max-image-preview":"max-image-preview:large","max-video-preview":"max-video-preview:-1"},"canonical":"https:\/\/www.marbour.eu\/it\/gestione-dei-cookie\/","og_locale":"it_IT","og_type":"article","og_title":"Gestione dei cookie - Marbour","og_description":"Les cookies informatiques, \u00e9galement connus sous le nom de cookies de navigateur ou cookies de suivi, sont des petits fichiers texte, souvent chiffr\u00e9s, qui sont situ\u00e9s dans les r\u00e9pertoires des navigateurs. Ils sont utilis\u00e9s par les d\u00e9veloppeurs web pour aider les utilisateurs \u00e0 naviguer sur leurs sites web de mani\u00e8re efficace et \u00e0 effectuer certaines [&hellip;]","og_url":"https:\/\/www.marbour.eu\/it\/gestione-dei-cookie\/","og_site_name":"Marbour","article_publisher":"https:\/\/www.facebook.com\/marbour.events","article_modified_time":"2018-03-30T14:24:38+00:00","og_image":[{"width":1200,"height":627,"url":"https:\/\/www.marbour.eu\/wp-content\/uploads\/social.png","type":"image\/png"}],"twitter_card":"summary_large_image","twitter_misc":{"Tempo di lettura stimato":"2 minuti"},"schema":{"@context":"https:\/\/schema.org","@graph":[{"@type":"WebPage","@id":"https:\/\/www.marbour.eu\/it\/gestione-dei-cookie\/","url":"https:\/\/www.marbour.eu\/it\/gestione-dei-cookie\/","name":"Gestione dei cookie - Marbour","isPartOf":{"@id":"https:\/\/www.marbour.eu\/#website"},"datePublished":"2018-01-28T10:40:38+00:00","dateModified":"2018-03-30T14:24:38+00:00","breadcrumb":{"@id":"https:\/\/www.marbour.eu\/it\/gestione-dei-cookie\/#breadcrumb"},"inLanguage":"it-IT","potentialAction":[{"@type":"ReadAction","target":["https:\/\/www.marbour.eu\/it\/gestione-dei-cookie\/"]}]},{"@type":"BreadcrumbList","@id":"https:\/\/www.marbour.eu\/it\/gestione-dei-cookie\/#breadcrumb","itemListElement":[{"@type":"ListItem","position":1,"name":"Accueil","item":"https:\/\/www.marbour.eu\/it\/"},{"@type":"ListItem","position":2,"name":"Gestione dei cookie"}]},{"@type":"WebSite","@id":"https:\/\/www.marbour.eu\/#website","url":"https:\/\/www.marbour.eu\/","name":"Marbour","description":"","potentialAction":[{"@type":"SearchAction","target":{"@type":"EntryPoint","urlTemplate":"https:\/\/www.marbour.eu\/?s={search_term_string}"},"query-input":{"@type":"PropertyValueSpecification","valueRequired":true,"valueName":"search_term_string"}}],"inLanguage":"it-IT"}]}},"_links":{"self":[{"href":"https:\/\/www.marbour.eu\/it\/wp-json\/wp\/v2\/pages\/911","targetHints":{"allow":["GET"]}}],"collection":[{"href":"https:\/\/www.marbour.eu\/it\/wp-json\/wp\/v2\/pages"}],"about":[{"href":"https:\/\/www.marbour.eu\/it\/wp-json\/wp\/v2\/types\/page"}],"author":[{"embeddable":true,"href":"https:\/\/www.marbour.eu\/it\/wp-json\/wp\/v2\/users\/1"}],"replies":[{"embeddable":true,"href":"https:\/\/www.marbour.eu\/it\/wp-json\/wp\/v2\/comments?post=911"}],"version-history":[{"count":0,"href":"https:\/\/www.marbour.eu\/it\/wp-json\/wp\/v2\/pages\/911\/revisions"}],"wp:attachment":[{"href":"https:\/\/www.marbour.eu\/it\/wp-json\/wp\/v2\/media?parent=911"}],"curies":[{"name":"wp","href":"https:\/\/api.w.org\/{rel}","templated":true}]}}